{"id":341,"date":"2018-11-26T12:46:25","date_gmt":"2018-11-26T12:46:25","guid":{"rendered":"http:\/\/www.z3n.cz\/index.php\/services\/"},"modified":"2021-02-11T11:27:43","modified_gmt":"2021-02-11T11:27:43","slug":"services","status":"publish","type":"page","link":"https:\/\/www.z3n.cz\/index.php\/services\/","title":{"rendered":"Products"},"content":{"rendered":"\n\n\t<h1>\n\t\t\t\t\tGDPR\n\t\t\t\t<\/h1>\n\t<h5>\n\t\t\t\t\tP\u0159e\u010dt\u011bte si pros\u00edm n\u00e1sleduj\u00edc\u00ed\n\t\t\t\t<\/h5>\n\t<h2>\n\t\t\t\t\tPodm\u00ednky ochrany osobn\u00edch \u00fadaj\u016f\n\t\t\t\t<\/h2>\n\t\t\t<ol><li><strong> SPR\u00c1VCE<\/strong><\/li><li>Spr\u00e1vcem va\u0161ich osobn\u00edch \u00fadaj\u016f je spole\u010dnost Z3N Development s.r.o., se s\u00eddlem Bertr\u00e1mova 313 I\u010c: 24704873, sp.zn.: 167492 veden\u00e1 u M\u011bstsk\u00e9ho soudu v Praze (d\u00e1le jen \u201eSpole\u010dnost&#8220;).<\/li><li>Kontaktn\u00ed \u00fadaje Spole\u010dnosti:<br \/>Adresa pro doru\u010dov\u00e1n\u00ed: Bertr\u00e1mova 313<br \/>E-mail:\u00a0<a href=\"mailto:info@z3n.cz\">info@z3n.cz<\/a><br \/>Telefon:\u00a0<a href=\"tel:725929069\">+420 725 929 069<\/a><\/li><li>Spole\u010dnost nejmenovala pov\u011b\u0159ence pro ochranu osobn\u00edch \u00fadaj\u016f.<\/li><li>Zpracov\u00e1n\u00ed va\u0161ich osobn\u00edch \u00fadaj\u016f prov\u00e1d\u00ed Spole\u010dnost. Zpracov\u00e1n\u00ed je prov\u00e1d\u011bno v jej\u00edch provozovn\u00e1ch, pobo\u010dk\u00e1ch a s\u00eddle jednotliv\u00fdmi pov\u011b\u0159en\u00fdmi zam\u011bstnanci Spole\u010dnosti, p\u0159\u00edp. zpracovatelem. Ke zpracov\u00e1n\u00ed doch\u00e1z\u00ed prost\u0159ednictv\u00edm v\u00fdpo\u010detn\u00ed techniky, pop\u0159. i manu\u00e1ln\u00edm zp\u016fsobem u osobn\u00edch \u00fadaj\u016f v listinn\u00e9 podob\u011b za dodr\u017een\u00ed v\u0161ech bezpe\u010dnostn\u00edch z\u00e1sad pro spr\u00e1vu a zpracov\u00e1n\u00ed osobn\u00edch \u00fadaj\u016f. Spole\u010dnost vynakl\u00e1d\u00e1 ve\u0161ker\u00e9 \u00fasil\u00ed k tomu, aby bylo p\u0159i vyu\u017e\u00edv\u00e1n\u00ed jej\u00edch slu\u017eeb va\u0161e soukrom\u00ed chr\u00e1n\u011bno. Spole\u010dnost podnikla technick\u00e1 a organiza\u010dn\u00ed opat\u0159en\u00ed pro ochranu va\u0161ich \u00fadaj\u016f p\u0159ed ztr\u00e1tou, manipulac\u00ed a neopr\u00e1vn\u011bn\u00fdm p\u0159\u00edstupem. Spole\u010dnost sv\u00e1 bezpe\u010dnostn\u00ed opat\u0159en\u00ed neust\u00e1le p\u0159izp\u016fsobuje v souladu s technologick\u00fdm pokrokem a v\u00fdvojem.<\/li><\/ol><ol><li><strong> ZPRACOV\u00c1VAN\u00c9 OSOBN\u00cd \u00daDAJE<\/strong><\/li><li>Nem\u00e1te povinnost osobn\u00ed \u00fadaje Spole\u010dnosti poskytnout. Poskytnut\u00ed va\u0161ich osobn\u00edch \u00fadaj\u016f je v\u0161ak po\u017eadavkem k tomu, aby s v\u00e1mi Spole\u010dnost mohla uzav\u0159\u00edt smlouvu. Spole\u010dnost va\u0161e osobn\u00ed \u00fadaje vy\u017eaduje pr\u00e1v\u011b pouze pro pot\u0159eby Spole\u010dnosti (z d\u016fvodu, pro \u00fa\u010del a po dobu, jak n\u00ed\u017ee podrobn\u011b rozvedeno). V \u017e\u00e1dn\u00e9m p\u0159\u00edpad\u011b nebudou v\u00e1mi poskytnut\u00e9 osobn\u00ed \u00fadaje prod\u00e1v\u00e1ny dal\u0161\u00edm subjekt\u016fm ani nebudou vyu\u017e\u00edv\u00e1ny jin\u00fdm komer\u010dn\u00edm zp\u016fsobem.<\/li><li>Spole\u010dnost zpracov\u00e1v\u00e1 zejm\u00e9na va\u0161e n\u00e1sleduj\u00edc\u00ed osobn\u00ed \u00fadaje:<ul><li>Jm\u00e9no a p\u0159\u00edjmen\u00ed,<\/li><li>Adresu,<\/li><li>E-mailovou adresu,<\/li><li>Telefon,<\/li><li>Bankovn\u00ed spojen\u00ed,<\/li><li>I\u010c a DI\u010c (u podnikaj\u00edc\u00ed FO),<\/li><li>Dal\u0161\u00ed \u00fadaje nezbytn\u00e9 pro pln\u011bn\u00ed smlouvy (nap\u0159. va\u0161e bytov\u00e1 pot\u0159eba),<\/li><li>\u00dadaje poskytnut\u00e9 nad r\u00e1mec p\u0159\u00edslu\u0161n\u00fdch z\u00e1kon\u016f zpracov\u00e1van\u00e9 v r\u00e1mci ud\u011blen\u00e9ho souhlasu z va\u0161\u00ed strany<\/li><\/ul><\/li><li>Zpracov\u00e1van\u00e9 osobn\u00ed \u00fadaje z\u00edsk\u00e1 Spole\u010dnost bu\u010f p\u0159\u00edmo od v\u00e1s (t\u00edm, \u017ee je poskytnete nap\u0159. v r\u00e1mci registrace do slu\u017eby, nebo z individu\u00e1ln\u00ed korespondence s v\u00e1mi), nebo z ve\u0159ejn\u011b p\u0159\u00edstupn\u00fdch rejst\u0159\u00edk\u016f, seznam\u016f a evidenc\u00ed (nap\u0159. obchodn\u00ed rejst\u0159\u00edk, \u017eivnostensk\u00fd rejst\u0159\u00edk, ve\u0159ejn\u00fd telefonn\u00ed seznam apod.)<\/li><\/ol><ol><li>Osobn\u00ed \u00fadaje je nutn\u00e9 zpracovat za \u00fa\u010delem vytvo\u0159en\u00ed nab\u00eddky, uzav\u0159en\u00ed smlouvy a jej\u00edho spln\u011bn\u00ed, p\u0159\u00edp. veden\u00ed stavu va\u0161eho z\u00e1kaznick\u00e9ho \u00fa\u010dtu a za \u00fa\u010delem spln\u011bn\u00ed navazuj\u00edc\u00edch smluvn\u00edch \u010di z\u00e1konn\u00fdch povinnost\u00ed jako je zejm\u00e9na archivace da\u0148ov\u00fdch doklad\u016f. Z\u00e1konn\u00fdm d\u016fvodem zpracov\u00e1n\u00ed je tedy spln\u011bn\u00ed smlouvy (dle ust. \u010dl. 6 odst. 1 p\u00edsm. b), Na\u0159\u00edzen\u00ed Evropsk\u00e9ho parlamentu a Rady \/EU\/ \u010d. 2016\/679, o ochran\u011b fyzick\u00fdch osob v souvislosti se zpracov\u00e1n\u00edm osobn\u00edch \u00fadaj\u016f a o voln\u00e9m pohybu t\u011bchto \u00fadaj\u016f a zru\u0161en\u00ed sm\u011brnice 95\/46\/ES (d\u00e1le jen \u201eGDPR), spln\u011bn\u00ed pr\u00e1vn\u00ed povinnosti (dle ust. \u010dl. 6 odst. 1 p\u00edsem. c) GDPR) a opr\u00e1vn\u011bn\u00fd z\u00e1jem (dle ust. \u010dl. 6 odst. 1 p\u00edsem. f) GDPR).<\/li><li><strong>Opr\u00e1vn\u011bn\u00fdm z\u00e1jmem Spole\u010dnosti\u00a0<\/strong>(dle ust. \u010dl. 6 odst. 1 p\u00edsm. f) GDPR)\u00a0<strong>je tak\u00e9 p\u0159\u00edm\u00fd marketing<\/strong>, tj. va\u0161e osobn\u00ed \u00fadaje Spole\u010dnost zpracov\u00e1v\u00e1 i za \u00fa\u010delem \u0161\u00ed\u0159en\u00ed obchodn\u00edch sd\u011blen\u00ed t\u00fdkaj\u00edc\u00edch se vlastn\u00edch obdobn\u00fdch slu\u017eeb, dotazn\u00edku spokojenosti, zas\u00edl\u00e1n\u00ed p\u0159\u00e1n\u00ed k narozenin\u00e1m \u010di PF a k prov\u00e1d\u011bn\u00ed jednoduch\u00fdch analytik (nap\u0159. m\u011b\u0159en\u00ed n\u00e1v\u0161t\u011bvnosti webov\u00fdch str\u00e1nek apod.). Jsou-li va\u0161e osobn\u00ed \u00fadaje zpracov\u00e1v\u00e1ny z tohoto d\u016fvodu, m\u00e1te pr\u00e1vo vzn\u00e9st n\u00e1mitku proti zpracov\u00e1n\u00ed pro \u00fa\u010dely p\u0159\u00edm\u00e9ho marketingu.<\/li><li>Pokud jste Spole\u010dnosti ud\u011blili v\u00e1\u0161 souhlas (nap\u0159. v r\u00e1mci sout\u011b\u017e\u00ed, marketingov\u00fdch akc\u00ed, p\u0159ihl\u00e1\u0161ce k odb\u011bru obchodn\u00edch sd\u011blen\u00ed, apod.), zpracov\u00e1v\u00e1 Spole\u010dnost va\u0161e osobn\u00ed \u00fadaje na z\u00e1klad\u011b tohoto ud\u011blen\u00ed (dle ust. \u010dl. 6 odst. 1 p\u00edsm. a) GDPR). V p\u0159\u00edpad\u011b ud\u011blen\u00ed souhlasu prob\u00edh\u00e1 zpracov\u00e1n\u00ed za \u00fa\u010delem nab\u00edzen\u00ed slu\u017eeb, zas\u00edl\u00e1n\u00ed obchodn\u00edch sd\u011blen\u00ed a informov\u00e1n\u00ed o akc\u00edch Spole\u010dnosti apod.<\/li><\/ol><ol><li><strong> DOBA ULO\u017dEN\u00cd OSOBN\u00cdCH \u00daDAJ\u016e<\/strong><\/li><li>Va\u0161e osobn\u00ed \u00fadaje budou zpracov\u00e1v\u00e1ny pouze po nezbytnou dobu, kter\u00e1 je d\u00e1na pln\u011bn\u00edm smlouvy a n\u00e1sledn\u00fdm uchov\u00e1n\u00edm da\u0148ov\u00fdch doklad\u016f za objednanou a dod\u00e1vanou slu\u017ebu. Z d\u016fvodu opr\u00e1vn\u011bn\u00e9ho z\u00e1jmu lze va\u0161e informace zpracov\u00e1vat po\u00a0<strong>dobu 3 let<\/strong>, nejd\u00e9le v\u0161ak do doby ne\u017e vznesete proti takov\u00e9mu zpracov\u00e1n\u00ed n\u00e1mitku.<\/li><li>V p\u0159\u00edpad\u011b ud\u011blen\u00ed souhlasu budou va\u0161e osobn\u00ed \u00fadaje zpracov\u00e1v\u00e1ny po dobu 3 let, nejd\u00e9le v\u0161ak do odvol\u00e1n\u00ed Va\u0161eho souhlasu se zpracov\u00e1n\u00edm osobn\u00edch \u00fadaj\u016f, kter\u00e9 m\u016f\u017ee b\u00fdt u\u010din\u011bno p\u00edsemn\u011b na adrese Spole\u010dnosti \u010di e-mailem na adresu\u00a0<a href=\"mailto:info@z3n.cz.\">info@z3n.cz.<\/a><\/li><\/ol><ol><li><strong> DAL\u0160\u00cd P\u0158\u00cdJEMCI OSOBN\u00cdCH \u00daDAJ\u016e<\/strong><\/li><li>Zpracov\u00e1n\u00ed va\u0161ich osobn\u00edch \u00fadaj\u016f je prov\u00e1d\u011bno Spole\u010dnost\u00ed, tedy spr\u00e1vcem osobn\u00edch \u00fadaj\u016f, osobn\u00ed \u00fadaje v\u0161ak pro Spole\u010dnost mohou zpracov\u00e1vat i dal\u0161\u00ed osoby, kter\u00fdmi mohou b\u00fdt:<ul><li>makl\u00e9\u0159i,<\/li><li>dodavatel\u00e9 extern\u00edch slu\u017eeb pro Spole\u010dnost (typicky program\u00e1torsk\u00e9 \u010di jin\u00e9 podp\u016frn\u00e9 technick\u00e9 slu\u017eby, serverov\u00e9 slu\u017eby apod.),<\/li><li>provozovatel\u00e9 z\u00e1lo\u017en\u00edch server\u016f \u010di provozovatel\u00e9 technologi\u00ed vyu\u017e\u00edvan\u00fdch Spole\u010dnost\u00ed, kte\u0159\u00ed je zpracov\u00e1vaj\u00ed za \u00fa\u010delem zaji\u0161t\u011bn\u00ed funk\u010dnosti p\u0159\u00edslu\u0161n\u00fdch slu\u017eeb Spole\u010dnosti,<\/li><li>v nezbytn\u011b nutn\u00e9m rozsahu da\u0148ov\u00ed poradci, audito\u0159i, advok\u00e1ti Spole\u010dnosti, kte\u0159\u00ed zpracov\u00e1vaj\u00ed osobn\u00ed \u00fadaje za \u00fa\u010delem poskytov\u00e1n\u00ed poradensk\u00fdch slu\u017eeb,<\/li><li>osobn\u00ed \u00fadaje t\u00fdkaj\u00edc\u00ed se dlu\u017en\u00edk\u016f s dluhy po splatnosti mohou b\u00fdt zp\u0159\u00edstupn\u011bny tak\u00e9 spole\u010dnosti poskytuj\u00edc\u00ed poji\u0161t\u011bn\u00ed pohled\u00e1vek \u010di inkasn\u00edm agentur\u00e1m a to za \u00fa\u010delem vym\u00e1h\u00e1n\u00ed \u010di inkasa pohled\u00e1vek Spole\u010dnosti,<\/li><li>org\u00e1ny ve\u0159ejn\u00e9 spr\u00e1vy,<\/li><li>p\u0159\u00edpadn\u011b dal\u0161\u00ed poskytovatel\u00e9 obdobn\u00fdch slu\u017eeb, kter\u00e9 v\u0161ak v sou\u010dasn\u00e9 dob\u011b Spole\u010dnost nevyu\u017e\u00edv\u00e1.<\/li><\/ul><\/li><li>Spole\u010dnost nem\u00e1 v \u00famyslu p\u0159edat va\u0161e osobn\u00ed \u00fadaje do t\u0159et\u00ed zem\u011b (do zem\u011b mimo EU) nebo mezin\u00e1rodn\u00ed organizaci.<\/li><\/ol><ol><li><strong> VA\u0160E PR\u00c1VA<\/strong><\/li><\/ol><p>M\u00e1te pr\u00e1vo:<ul><li>po\u017eadovat po Spole\u010dnosti informaci, jak\u00e9 va\u0161e osobn\u00ed \u00fadaje zpracov\u00e1v\u00e1,<\/li><li>po\u017eadovat po Spole\u010dnosti vysv\u011btlen\u00ed ohledn\u011b zpracov\u00e1n\u00ed va\u0161ich osobn\u00edch \u00fadaj\u016f,<\/li><li>vy\u017e\u00e1dat si u Spole\u010dnosti p\u0159\u00edstup k va\u0161im osobn\u00edm \u00fadaj\u016fm a tyto nechat aktualizovat nebo opravit,<\/li><li>po\u017eadovat po Spole\u010dnosti v\u00fdmaz va\u0161ich osobn\u00edch \u00fadaj\u016f, pop\u0159. omezen\u00ed jejich zpracov\u00e1n\u00ed,<\/li><li>na p\u0159enositelnost va\u0161ich osobn\u00edch \u00fadaj\u016f,<\/li><li>odvolat kdykoli souhlas ud\u011blen\u00fd ke zpracov\u00e1n\u00ed va\u0161ich osobn\u00edch \u00fadaj\u016f,<\/li><li>v p\u0159\u00edpad\u011b zpracov\u00e1n\u00ed va\u0161ich osobn\u00edch \u00fadaj\u016f z d\u016fvodu opr\u00e1vn\u011bn\u00e9ho z\u00e1jmu Spole\u010dnosti (\u010dl. III odst. 2) vzn\u00e9st n\u00e1mitku<\/li><li>v p\u0159\u00edpad\u011b pochybnost\u00ed o dodr\u017eov\u00e1n\u00ed povinnost\u00ed souvisej\u00edc\u00edch se zpracov\u00e1n\u00edm va\u0161ich osobn\u00edch \u00fadaj\u016f obr\u00e1tit se na Spole\u010dnost nebo na \u00da\u0159ad pro ochranu osobn\u00edch \u00fadaj\u016f.<\/li><\/ul>D\u011bkujeme<br \/>\u200bZ3N Development s.r.o.<\/p>\t\t\n\t<h5>\n\t\t\t\t\tVysv\u011btlen\u00ed\n\t\t\t\t<\/h5>\n\t<h2>\n\t\t\t\t\tCo je GDPR a jak bude aplikov\u00e1no v \u010cR\n\t\t\t\t<\/h2>\n\t<h4>\n\t\t\t\t\tObecn\u00e9 na\u0159\u00edzen\u00ed na ochranu osobn\u00edch \u00fadaj\u016f\u00a0neboli GDPR (General Data Protection Regulation)\n\t\t\t\t<\/h4>\n\t\t\t<p><i>Obecn\u00e9 na\u0159\u00edzen\u00ed na ochranu osobn\u00edch \u00fadaj\u016f<\/i>\u00a0neboli GDPR (General Data Protection Regulation) je dosud nejv\u00edce ucelen\u00fdm souborem pravidel na ochranu dat na sv\u011bt\u011b.GDPR se dot\u00fdk\u00e1 ka\u017ed\u00e9ho, kdo shroma\u017e\u010fuje nebo zpracov\u00e1v\u00e1 osobn\u00ed \u00fadaje Evropan\u016f, v\u010detn\u011b spole\u010dnost\u00ed a\u00a0instituc\u00ed mimo \u00fazem\u00ed EU, kter\u00e9 p\u016fsob\u00ed na evropsk\u00e9m trhu.Na\u0159\u00edzen\u00ed m\u00ed\u0159\u00ed na firmy, instituce i\u00a0jednotlivce, kte\u0159\u00ed zach\u00e1zej\u00ed s\u00a0osobn\u00edmi \u00fadaji &#8211;\u00a0zam\u011bstnanc\u016f, z\u00e1kazn\u00edk\u016f, klient\u016f \u010di\u00a0dodavatel\u016f, a\u00a0to nap\u0159\u00ed\u010d segmenty a\u00a0odv\u011btv\u00edmi. Zas\u00e1hne i\u00a0ty, kte\u0159\u00ed sleduj\u00ed \u010di\u00a0analyzuj\u00ed chov\u00e1n\u00ed u\u017eivatel\u016f na webu, p\u0159i\u00a0pou\u017e\u00edv\u00e1n\u00ed aplikac\u00ed nebo chytr\u00fdch technologi\u00ed. C\u00edlem GDPR je chr\u00e1nit digit\u00e1ln\u00ed pr\u00e1va ob\u010dan\u016f EU.A\u0165 u\u017e jde o\u00a0bankovn\u00ed instituce, zdravotnictv\u00ed, ve\u0159ejnou spr\u00e1vu, nebo e-shopy, v\u0161ichni se budou v\u00a0dohledn\u00e9 dob\u011b pot\u00fdkat s\u00a0nutnost\u00ed upravit zp\u016fsob zpracov\u00e1v\u00e1n\u00ed osobn\u00edch \u00fadaj\u016f. V\u00a0p\u0159\u00edpad\u011b z\u00e1va\u017en\u00e9ho poru\u0161en\u00ed pak budou firm\u00e1m hrozit vysok\u00e9 pokuty. \u00a0GDPR je v\u00a0cel\u00e9 EU jednotn\u011b \u00fa\u010dinn\u00e9\u00a0<b>od 25.\u00a0kv\u011btna 2018<\/b>.\u00a0V\u00a0\u010cesku tak nahrad\u00ed sou\u010dasnou pr\u00e1vn\u00ed \u00fapravu ochrany osobn\u00edch \u00fadaj\u016f v\u00a0podob\u011b sm\u011brnice 95\/46\/ES a\u00a0souvisej\u00edc\u00ed z\u00e1kon \u010d.\u00a0101\/2000 Sb., o\u00a0ochran\u011b osobn\u00edch \u00fadaj\u016f. Pr\u00e1va a\u00a0povinnosti v\u00a0sou\u010dasn\u00e9m z\u00e1kon\u011b o\u00a0ochran\u011b osobn\u00edch \u00fadaj\u016f budou nahrazena pr\u00e1vy a\u00a0povinnostmi vypl\u00fdvaj\u00edc\u00edmi z\u00a0Obecn\u00e9ho na\u0159\u00edzen\u00ed. Nov\u00fd z\u00e1kon o\u00a0ochran\u011b osobn\u00edch \u00fadaj\u016f bude ji\u017e upravovat jen n\u011bkter\u00e9 aspekty t\u00fdkaj\u00edc\u00ed se \u00da\u0159adu pro ochranu osobn\u00edch \u00fadaj\u016f (nap\u0159.\u00a0jeho ustaven\u00ed, organizaci atd.) a\u00a0n\u011bkter\u00e9 d\u00edl\u010d\u00ed z\u00e1le\u017eitosti nutn\u00e9 k\u00a0dotvo\u0159en\u00ed cel\u00e9ho r\u00e1mce ochrany osobn\u00edch \u00fadaj\u016f, kter\u00e9 nejsou Obecn\u00fdm na\u0159\u00edzen\u00edm upraveny nebo kter\u00e9 Obecn\u00e9 na\u0159\u00edzen\u00ed umo\u017e\u0148uje upravit na vnitrost\u00e1tn\u00ed \u00farovni. U\u00a0n\u011bkter\u00fdch aspekt\u016f dokonce Obecn\u00e9 na\u0159\u00edzen\u00ed p\u0159edpokl\u00e1d\u00e1 vnitrost\u00e1tn\u00ed \u00fapravu. Mezi n\u011b pat\u0159\u00ed nap\u0159\u00edklad aspekty zpracov\u00e1n\u00ed osobn\u00edch \u00fadaj\u016f pro \u00fa\u010dely v\u00fdkonu svobody projevu, pr\u00e1va na informace, svobody v\u011bdeck\u00e9ho b\u00e1d\u00e1n\u00ed a\u00a0um\u011bleck\u00e9 tvorby.\u00a0To, \u017ee nov\u00e1 pravidla byla p\u0159ijata formou evropsk\u00e9ho na\u0159\u00edzen\u00ed, znamen\u00e1 p\u0159edev\u0161\u00edm jejich jednotnou platnost ve v\u0161ech st\u00e1tech EU, aby\u00a0 je n\u00e1rodn\u00ed vl\u00e1dy a\u00a0z\u00e1konod\u00e1rci\u00a0nemohli\u00a0jakkoli oh\u00fdbat a\u00a0p\u0159izp\u016fsobovat m\u00edstn\u00edm z\u00e1jm\u016fm nebo lobbist\u016fm.Obdob\u00ed od dubna 2016, kdy bylo GDPR schv\u00e1leno, do kv\u011btna 2018, kdy za\u010dalo b\u00fdt \u00fa\u010dinn\u00e9, bylo ur\u010deno k\u00a0d\u016fkladn\u00e9 p\u0159\u00edprav\u011b. B\u011bhem t\u00e9to doby museli v\u0161ichni, kter\u00fdch se na\u0159\u00edzen\u00ed t\u00fdk\u00e1, zrevidovat sv\u00e9 informa\u010dn\u00ed syst\u00e9my a\u00a0postupy nakl\u00e1d\u00e1n\u00ed s\u00a0osobn\u00edmi \u00fadaji. B\u011bhem tohoto obdob\u00ed museli p\u0159ijmout jednotliv\u00e9 st\u00e1ty EU prov\u00e1d\u011bc\u00ed z\u00e1kon, j\u00edm\u017e up\u0159esn\u00ed v\u00edce ne\u017e pades\u00e1t bod\u016f, kter\u00e9 GDPR sv\u011b\u0159uje do jejich n\u00e1rodn\u00ed pravomoci.Dosud byl v\u00a0oblasti ochrany \u00fadaj\u016f hlavn\u00edm \u010desk\u00fdm regul\u00e1torem\u00a0<a href=\"https:\/\/www.uoou.cz\/\">\u00da\u0159ad pro ochranu osobn\u00edch \u00fadaj\u016f<\/a>\u00a0(\u00daOO\u00da), kter\u00fd by m\u011bl v\u00a0t\u00e9to funkci z\u016fstat i\u00a0nad\u00e1le. P\u0159ibudou mu ale pravomoci odr\u00e1\u017eej\u00edc\u00ed z\u00e1va\u017enost cel\u00e9 reformy a\u00a0z\u00e1rove\u0148 bude \u010d\u00e1ste\u010dn\u011b pod\u0159\u00edzen\u00a0Evropsk\u00e9mu sboru pro ochranu osobn\u00edch \u00fadaj\u016f\u00a0(EDPB).\u00a0<\/p>\t\t\n\t<h3>\n\t\t\t\t\tPot\u0159ebujete v\u011bd\u011bt v\u00edce o GDPR ?\n\t\t\t\t<\/h3>\n\t\t\t<a href=\"https:\/\/www.z3n.cz\/index.php\/contact\/\" target=\"_self\" role=\"button\" rel=\"noopener\">\n\t\t\t\t\t\tKontaktujte n\u00e1s\n\t\t<\/a>\n\n","protected":false},"excerpt":{"rendered":"<p>GDPR P\u0159e\u010dt\u011bte si pros\u00edm n\u00e1sleduj\u00edc\u00ed Podm\u00ednky ochrany osobn\u00edch \u00fadaj\u016f SPR\u00c1VCE Spr\u00e1vcem va\u0161ich osobn\u00edch \u00fadaj\u016f je spole\u010dnost Z3N Development s.r.o., se s\u00eddlem Bertr\u00e1mova 313 I\u010c: 24704873, sp.zn.: 167492 veden\u00e1 u M\u011bstsk\u00e9ho soudu v Praze (d\u00e1le jen \u201eSpole\u010dnost&#8220;). Kontaktn\u00ed \u00fadaje Spole\u010dnosti:Adresa pro doru\u010dov\u00e1n\u00ed: Bertr\u00e1mova 313E-mail:\u00a0info@z3n.czTelefon:\u00a0+420 725 929 069 Spole\u010dnost nejmenovala pov\u011b\u0159ence pro ochranu osobn\u00edch \u00fadaj\u016f. Zpracov\u00e1n\u00ed va\u0161ich [&hellip;]<\/p>\n","protected":false},"author":1,"featured_media":0,"parent":0,"menu_order":0,"comment_status":"closed","ping_status":"closed","template":"","meta":{"site-sidebar-layout":"no-sidebar","site-content-layout":"page-builder","ast-site-content-layout":"default","site-content-style":"default","site-sidebar-style":"default","ast-global-header-display":"","ast-banner-title-visibility":"","ast-main-header-display":"","ast-hfb-above-header-display":"","ast-hfb-below-header-display":"","ast-hfb-mobile-header-display":"","site-post-title":"disabled","ast-breadcrumbs-content":"","ast-featured-img":"disabled","footer-sml-layout":"","theme-transparent-header-meta":"enabled","adv-header-id-meta":"","stick-header-meta":"","header-above-stick-meta":"","header-main-stick-meta":"","header-below-stick-meta":"","astra-migrate-meta-layouts":"default","ast-page-background-enabled":"default","ast-page-background-meta":{"desktop":{"background-color":"","background-image":"","background-repeat":"repeat","background-position":"center center","background-size":"auto","background-attachment":"scroll","background-type":"","background-media":"","overlay-type":"","overlay-color":"","overlay-opacity":"","overlay-gradient":""},"tablet":{"background-color":"","background-image":"","background-repeat":"repeat","background-position":"center center","background-size":"auto","background-attachment":"scroll","background-type":"","background-media":"","overlay-type":"","overlay-color":"","overlay-opacity":"","overlay-gradient":""},"mobile":{"background-color":"","background-image":"","background-repeat":"repeat","background-position":"center center","background-size":"auto","background-attachment":"scroll","background-type":"","background-media":"","overlay-type":"","overlay-color":"","overlay-opacity":"","overlay-gradient":""}},"ast-content-background-meta":{"desktop":{"background-color":"var(--ast-global-color-5)","background-image":"","background-repeat":"repeat","background-position":"center center","background-size":"auto","background-attachment":"scroll","background-type":"","background-media":"","overlay-type":"","overlay-color":"","overlay-opacity":"","overlay-gradient":""},"tablet":{"background-color":"var(--ast-global-color-5)","background-image":"","background-repeat":"repeat","background-position":"center center","background-size":"auto","background-attachment":"scroll","background-type":"","background-media":"","overlay-type":"","overlay-color":"","overlay-opacity":"","overlay-gradient":""},"mobile":{"background-color":"var(--ast-global-color-5)","background-image":"","background-repeat":"repeat","background-position":"center center","background-size":"auto","background-attachment":"scroll","background-type":"","background-media":"","overlay-type":"","overlay-color":"","overlay-opacity":"","overlay-gradient":""}},"footnotes":""},"class_list":["post-341","page","type-page","status-publish","hentry"],"_links":{"self":[{"href":"https:\/\/www.z3n.cz\/index.php\/wp-json\/wp\/v2\/pages\/341","targetHints":{"allow":["GET"]}}],"collection":[{"href":"https:\/\/www.z3n.cz\/index.php\/wp-json\/wp\/v2\/pages"}],"about":[{"href":"https:\/\/www.z3n.cz\/index.php\/wp-json\/wp\/v2\/types\/page"}],"author":[{"embeddable":true,"href":"https:\/\/www.z3n.cz\/index.php\/wp-json\/wp\/v2\/users\/1"}],"replies":[{"embeddable":true,"href":"https:\/\/www.z3n.cz\/index.php\/wp-json\/wp\/v2\/comments?post=341"}],"version-history":[{"count":4,"href":"https:\/\/www.z3n.cz\/index.php\/wp-json\/wp\/v2\/pages\/341\/revisions"}],"predecessor-version":[{"id":508,"href":"https:\/\/www.z3n.cz\/index.php\/wp-json\/wp\/v2\/pages\/341\/revisions\/508"}],"wp:attachment":[{"href":"https:\/\/www.z3n.cz\/index.php\/wp-json\/wp\/v2\/media?parent=341"}],"curies":[{"name":"wp","href":"https:\/\/api.w.org\/{rel}","templated":true}]}}